{"id":28,"date":"2016-06-27T17:38:48","date_gmt":"2016-06-27T15:38:48","guid":{"rendered":"http:\/\/www.plastym.com\/eng\/?page_id=28"},"modified":"2016-06-27T18:12:50","modified_gmt":"2016-06-27T16:12:50","slug":"the-flexible-polyurethane-integral-skin-foam","status":"publish","type":"page","link":"http:\/\/www.plastym.com\/eng\/the-flexible-polyurethane-integral-skin-foam\/","title":{"rendered":"The flexible polyurethane integral skin foam"},"content":{"rendered":"<p style=\"text-align: justify;\"><a style=\"font-size: 13.333333969116211px; font-style: normal; line-height: 23.47222328186035px; text-decoration: underline;\" href=\"http:\/\/plastym.com\/wp-content\/uploads\/2014\/02\/Mousse-polyurethane-flexible.jpg\"><img loading=\"lazy\" decoding=\"async\" class=\" wp-image-80 alignleft\" style=\"border-color: #bbbbbb; margin-top: 0.4em; background-color: #eeeeee;\" src=\"http:\/\/plastym.com\/wp-content\/uploads\/2014\/02\/Mousse-polyurethane-flexible.jpg\" alt=\"Mousse polyurethane flexible\" width=\"240\" height=\"149\" \/><\/a>The flexible polyurethane foam with integral skin is characterized by a compact skin leather-like . This surface is pleasant to the touch, is wear-resistant and chemical-resistant.\u00a0This is a skin formed of closed cells which , while being flexible , is extremely resistant to ripping. Polyurethane integral skin foam is designed for the manufacture of linings , protections , paddings in many fields of application and offers serious advantages :<\/p>\n<p style=\"text-align: justify;\"><a style=\"font-size: 13.333333969116211px; font-style: normal; line-height: 23.47222328186035px; text-decoration: underline;\" href=\"http:\/\/plastym.com\/wp-content\/uploads\/2014\/02\/Mousse-polyurethane.png\"><img loading=\"lazy\" decoding=\"async\" class=\"size-full wp-image-81 alignright\" style=\"border-color: #bbbbbb; margin-top: 0.4em; background-color: #eeeeee;\" src=\"http:\/\/plastym.com\/wp-content\/uploads\/2014\/02\/Mousse-polyurethane.png\" alt=\"Mousse polyurethane\" width=\"144\" height=\"183\" \/><\/a><\/p>\n<p style=\"text-align: justify;\">&#8211; Economic implementation ,<br \/>\n<span style=\"line-height: 1.5;\">&#8211; Low weight,<br \/>\n<\/span><span style=\"line-height: 1.5;\">&#8211; Greater freedom in the design of forms ,<br \/>\n<\/span><span style=\"line-height: 1.5;\">&#8211; Permanently elastic ,<br \/>\n<\/span><span style=\"line-height: 1.5;\">&#8211; No corrosion ,<br \/>\n<\/span><span style=\"line-height: 1.5;\">&#8211; Possibilities for coloring and painting ,<br \/>\n<\/span><span style=\"line-height: 1.5;\">&#8211; Adjustable hardness,<br \/>\n<\/span><span style=\"line-height: 1.5;\">&#8211; Fitness for use in a temperature range extensive .<\/span><\/p>\n<p style=\"text-align: justify;\"><strong><span style=\"text-decoration: underline;\"> Applications:<\/span><\/strong><img loading=\"lazy\" decoding=\"async\" class=\"size-full wp-image-86 alignleft\" style=\"border-color: #bbbbbb; margin-top: 0.4em; background-color: #eeeeee;\" src=\"http:\/\/plastym.com\/wp-content\/uploads\/2014\/02\/shapeimage_1.png\" alt=\"Pi\u00e8ces en polyur\u00e9thane flexible \u00e0 peau\" width=\"148\" height=\"73\" \/><\/p>\n<p style=\"text-align: justify;\">The polyurethane integral skin is designed for the manufacture of protective padding in numbers of fields of application. It is prized for its aesthetic appearance, long life and good price.<\/p>\n<p style=\"text-align: justify;\"><span style=\"text-decoration: underline;\"><strong>Application areas :<\/strong><\/span><br \/>\n<img loading=\"lazy\" decoding=\"async\" class=\"size-full wp-image-84 alignright\" style=\"color: #333333; font-size: 13.333333969116211px; font-style: normal; line-height: 23.47222328186035px;\" src=\"http:\/\/plastym.com\/wp-content\/uploads\/2014\/02\/Polyurethane-mousse.png\" alt=\"Polyurethane mousse\" width=\"81\" height=\"75\" \/>Automobile , Weapon , Furniture, Office Furniture , Medical, Dental , Health , sophisticated packaging , POS, Look , Dress , Comfort, Hygiene , Protection, Rigging .<\/p>\n","protected":false},"excerpt":{"rendered":"<p>The flexible polyurethane foam with integral skin is characterized by a compact skin leather-like . This surface is pleasant to the touch, is wear-resistant and chemical-resistant.\u00a0This is a skin formed of closed cells which , while being flexible , is extremely resistant to ripping. Polyurethane integral skin foam is designed for the manufacture of linings [&hellip;]<\/p>\n","protected":false},"author":1,"featured_media":0,"parent":0,"menu_order":0,"comment_status":"closed","ping_status":"closed","template":"","meta":{"footnotes":""},"class_list":["post-28","page","type-page","status-publish","hentry"],"_links":{"self":[{"href":"http:\/\/www.plastym.com\/eng\/wp-json\/wp\/v2\/pages\/28","targetHints":{"allow":["GET"]}}],"collection":[{"href":"http:\/\/www.plastym.com\/eng\/wp-json\/wp\/v2\/pages"}],"about":[{"href":"http:\/\/www.plastym.com\/eng\/wp-json\/wp\/v2\/types\/page"}],"author":[{"embeddable":true,"href":"http:\/\/www.plastym.com\/eng\/wp-json\/wp\/v2\/users\/1"}],"replies":[{"embeddable":true,"href":"http:\/\/www.plastym.com\/eng\/wp-json\/wp\/v2\/comments?post=28"}],"version-history":[{"count":9,"href":"http:\/\/www.plastym.com\/eng\/wp-json\/wp\/v2\/pages\/28\/revisions"}],"predecessor-version":[{"id":39,"href":"http:\/\/www.plastym.com\/eng\/wp-json\/wp\/v2\/pages\/28\/revisions\/39"}],"wp:attachment":[{"href":"http:\/\/www.plastym.com\/eng\/wp-json\/wp\/v2\/media?parent=28"}],"curies":[{"name":"wp","href":"https:\/\/api.w.org\/{rel}","templated":true}]}}